{"id":176,"date":"2024-07-19T14:03:15","date_gmt":"2024-07-19T14:03:15","guid":{"rendered":"https:\/\/zaramajoy.com\/?page_id=176"},"modified":"2025-05-14T11:37:06","modified_gmt":"2025-05-14T11:37:06","slug":"little-chefs-academy","status":"publish","type":"page","link":"https:\/\/zaramajoy.com\/fr\/services\/little-chefs-academy\/","title":{"rendered":"Little Chefs Academy"},"content":{"rendered":"<div data-elementor-type=\"wp-page\" data-elementor-id=\"176\" class=\"elementor elementor-176\" data-elementor-post-type=\"page\">\n\t\t\t\t<div class=\"elementor-element elementor-element-b90fc61 e-con-full e-flex e-con e-parent\" data-id=\"b90fc61\" data-element_type=\"container\" data-e-type=\"container\">\n\t\t\t\t<div class=\"elementor-element elementor-element-d28b3cf elementor-widget__width-initial elementor--h-position-center elementor--v-position-middle elementor-arrows-position-inside elementor-pagination-position-inside elementor-widget elementor-widget-slides\" data-id=\"d28b3cf\" data-element_type=\"widget\" data-e-type=\"widget\" data-settings=\"{&quot;navigation&quot;:&quot;both&quot;,&quot;autoplay&quot;:&quot;yes&quot;,&quot;pause_on_hover&quot;:&quot;yes&quot;,&quot;pause_on_interaction&quot;:&quot;yes&quot;,&quot;autoplay_speed&quot;:5000,&quot;infinite&quot;:&quot;yes&quot;,&quot;transition&quot;:&quot;slide&quot;,&quot;transition_speed&quot;:500}\" data-widget_type=\"slides.default\">\n\t\t\t\t<div class=\"elementor-widget-container\">\n\t\t\t\t\t\t\t\t\t<div class=\"elementor-swiper\">\n\t\t\t\t\t<div class=\"elementor-slides-wrapper elementor-main-swiper swiper\" role=\"region\" aria-roledescription=\"carousel\" aria-label=\"Slides\" dir=\"ltr\" data-animation=\"fadeInUp\">\n\t\t\t\t<div class=\"swiper-wrapper elementor-slides\">\n\t\t\t\t\t\t\t\t\t\t<div class=\"elementor-repeater-item-eaad796 swiper-slide\" role=\"group\" aria-roledescription=\"slide\"><div class=\"swiper-slide-bg\" role=\"img\"><\/div><div class=\"swiper-slide-inner\" ><div class=\"swiper-slide-contents\"><\/div><\/div><\/div><div class=\"elementor-repeater-item-8cf4532 swiper-slide\" role=\"group\" aria-roledescription=\"slide\"><div class=\"swiper-slide-bg\" role=\"img\"><\/div><div class=\"swiper-slide-inner\" ><div class=\"swiper-slide-contents\"><\/div><\/div><\/div><div class=\"elementor-repeater-item-eeaa2a9 swiper-slide\" role=\"group\" aria-roledescription=\"slide\"><div class=\"swiper-slide-bg\" role=\"img\"><\/div><div class=\"swiper-slide-inner\" ><div class=\"swiper-slide-contents\"><\/div><\/div><\/div>\t\t\t\t<\/div>\n\t\t\t\t\t\t\t\t\t\t\t\t\t\t\t<div class=\"elementor-swiper-button elementor-swiper-button-prev\" role=\"button\" tabindex=\"0\" aria-label=\"Previous slide\">\n\t\t\t\t\t\t\t<svg aria-hidden=\"true\" class=\"e-font-icon-svg e-eicon-chevron-left\" viewbox=\"0 0 1000 1000\" xmlns=\"http:\/\/www.w3.org\/2000\/svg\"><path d=\"M646 125C629 125 613 133 604 142L308 442C296 454 292 471 292 487 292 504 296 521 308 533L604 854C617 867 629 875 646 875 663 875 679 871 692 858 704 846 713 829 713 812 713 796 708 779 692 767L438 487 692 225C700 217 708 204 708 187 708 171 704 154 692 142 675 129 663 125 646 125Z\"><\/path><\/svg>\t\t\t\t\t\t<\/div>\n\t\t\t\t\t\t<div class=\"elementor-swiper-button elementor-swiper-button-next\" role=\"button\" tabindex=\"0\" aria-label=\"Next slide\">\n\t\t\t\t\t\t\t<svg aria-hidden=\"true\" class=\"e-font-icon-svg e-eicon-chevron-right\" viewbox=\"0 0 1000 1000\" xmlns=\"http:\/\/www.w3.org\/2000\/svg\"><path d=\"M696 533C708 521 713 504 713 487 713 471 708 454 696 446L400 146C388 133 375 125 354 125 338 125 325 129 313 142 300 154 292 171 292 187 292 204 296 221 308 233L563 492 304 771C292 783 288 800 288 817 288 833 296 850 308 863 321 871 338 875 354 875 371 875 388 867 400 854L696 533Z\"><\/path><\/svg>\t\t\t\t\t\t<\/div>\n\t\t\t\t\t\t\t\t\t\t\t\t\t\t\t\t<div class=\"swiper-pagination\"><\/div>\n\t\t\t\t\t\t\t\t\t\t\t\t<\/div>\n\t\t\t\t<\/div>\n\t\t\t\t\t\t\t\t<\/div>\n\t\t\t\t<\/div>\n\t\t\t\t<\/div>\n\t\t\t\t<section class=\"elementor-section elementor-top-section elementor-element elementor-element-334453c7 elementor-section-boxed elementor-section-height-default elementor-section-height-default\" data-id=\"334453c7\" data-element_type=\"section\" data-e-type=\"section\">\n\t\t\t\t\t\t<div class=\"elementor-container elementor-column-gap-default\">\n\t\t\t\t\t<div class=\"elementor-column elementor-col-50 elementor-top-column elementor-element elementor-element-554b35d9\" data-id=\"554b35d9\" data-element_type=\"column\" data-e-type=\"column\">\n\t\t\t<div class=\"elementor-widget-wrap elementor-element-populated\">\n\t\t\t\t\t\t<div class=\"elementor-element elementor-element-ee8a43e elementor-widget__width-initial elementor-widget elementor-widget-image\" data-id=\"ee8a43e\" data-element_type=\"widget\" data-e-type=\"widget\" data-widget_type=\"image.default\">\n\t\t\t\t<div class=\"elementor-widget-container\">\n\t\t\t\t\t\t\t\t\t\t\t\t\t\t\t<img decoding=\"async\" src=\"https:\/\/zaramajoy.com\/wp-content\/uploads\/2024\/10\/360_F_633704111_9WuSB5AzNo5h5pvbr1t1p4InPWg7MikU.jpg\" title=\"\" alt=\"\" loading=\"lazy\" \/>\t\t\t\t\t\t\t\t\t\t\t\t\t\t\t<\/div>\n\t\t\t\t<\/div>\n\t\t\t\t<div class=\"elementor-element elementor-element-27713dc4 elementor-widget elementor-widget-image\" data-id=\"27713dc4\" data-element_type=\"widget\" data-e-type=\"widget\" data-widget_type=\"image.default\">\n\t\t\t\t<div class=\"elementor-widget-container\">\n\t\t\t\t\t\t\t\t\t\t\t\t\t\t\t<img decoding=\"async\" src=\"https:\/\/zaramajoy.com\/wp-content\/uploads\/2024\/10\/istockphoto-1409387561-612x612-1.jpg\" title=\"\" alt=\"\" loading=\"lazy\" \/>\t\t\t\t\t\t\t\t\t\t\t\t\t\t\t<\/div>\n\t\t\t\t<\/div>\n\t\t\t\t<div class=\"elementor-element elementor-element-011fe0b elementor-widget elementor-widget-image\" data-id=\"011fe0b\" data-element_type=\"widget\" data-e-type=\"widget\" data-widget_type=\"image.default\">\n\t\t\t\t<div class=\"elementor-widget-container\">\n\t\t\t\t\t\t\t\t\t\t\t\t\t\t\t<img decoding=\"async\" src=\"https:\/\/zaramajoy.com\/wp-content\/uploads\/2024\/11\/shipping-101.jpg\" title=\"\" alt=\"\" loading=\"lazy\" \/>\t\t\t\t\t\t\t\t\t\t\t\t\t\t\t<\/div>\n\t\t\t\t<\/div>\n\t\t\t\t<div class=\"elementor-element elementor-element-6a74794 elementor-widget elementor-widget-image\" data-id=\"6a74794\" data-element_type=\"widget\" data-e-type=\"widget\" data-widget_type=\"image.default\">\n\t\t\t\t<div class=\"elementor-widget-container\">\n\t\t\t\t\t\t\t\t\t\t\t\t\t\t\t<img fetchpriority=\"high\" decoding=\"async\" width=\"1024\" height=\"683\" src=\"https:\/\/zaramajoy.com\/wp-content\/uploads\/2025\/05\/ChatGPT-Image-May-4-2025-11_22_31-AM-1024x683.png\" class=\"attachment-large size-large wp-image-1304\" alt=\"\" srcset=\"https:\/\/zaramajoy.com\/wp-content\/uploads\/2025\/05\/ChatGPT-Image-May-4-2025-11_22_31-AM-1024x683.png 1024w, https:\/\/zaramajoy.com\/wp-content\/uploads\/2025\/05\/ChatGPT-Image-May-4-2025-11_22_31-AM-300x200.png 300w, https:\/\/zaramajoy.com\/wp-content\/uploads\/2025\/05\/ChatGPT-Image-May-4-2025-11_22_31-AM-768x512.png 768w, https:\/\/zaramajoy.com\/wp-content\/uploads\/2025\/05\/ChatGPT-Image-May-4-2025-11_22_31-AM-18x12.png 18w, https:\/\/zaramajoy.com\/wp-content\/uploads\/2025\/05\/ChatGPT-Image-May-4-2025-11_22_31-AM.png 1536w\" sizes=\"(max-width: 1024px) 100vw, 1024px\" \/>\t\t\t\t\t\t\t\t\t\t\t\t\t\t\t<\/div>\n\t\t\t\t<\/div>\n\t\t<div class=\"elementor-element elementor-element-7d346a1 e-flex e-con-boxed e-con e-parent\" data-id=\"7d346a1\" data-element_type=\"container\" data-e-type=\"container\">\n\t\t\t\t\t<div class=\"e-con-inner\">\n\t\t\t\t\t<\/div>\n\t\t\t\t<\/div>\n\t\t\t\t<div class=\"elementor-element elementor-element-4bc1e35 elementor-widget elementor-widget-spacer\" data-id=\"4bc1e35\" data-element_type=\"widget\" data-e-type=\"widget\" data-widget_type=\"spacer.default\">\n\t\t\t\t<div class=\"elementor-widget-container\">\n\t\t\t\t\t\t\t<div class=\"elementor-spacer\">\n\t\t\t<div class=\"elementor-spacer-inner\"><\/div>\n\t\t<\/div>\n\t\t\t\t\t\t<\/div>\n\t\t\t\t<\/div>\n\t\t\t\t<div class=\"elementor-element elementor-element-3383040 elementor-widget__width-initial elementor-widget elementor-widget-image\" data-id=\"3383040\" data-element_type=\"widget\" data-e-type=\"widget\" data-widget_type=\"image.default\">\n\t\t\t\t<div class=\"elementor-widget-container\">\n\t\t\t\t\t\t\t\t\t\t\t\t\t\t\t<img decoding=\"async\" width=\"1536\" height=\"1024\" src=\"https:\/\/zaramajoy.com\/wp-content\/uploads\/2025\/05\/ChatGPT-Image-May-4-2025-06_47_05-PM.png\" class=\"attachment-1536x1536 size-1536x1536 wp-image-1316\" alt=\"\" srcset=\"https:\/\/zaramajoy.com\/wp-content\/uploads\/2025\/05\/ChatGPT-Image-May-4-2025-06_47_05-PM.png 1536w, https:\/\/zaramajoy.com\/wp-content\/uploads\/2025\/05\/ChatGPT-Image-May-4-2025-06_47_05-PM-300x200.png 300w, https:\/\/zaramajoy.com\/wp-content\/uploads\/2025\/05\/ChatGPT-Image-May-4-2025-06_47_05-PM-1024x683.png 1024w, https:\/\/zaramajoy.com\/wp-content\/uploads\/2025\/05\/ChatGPT-Image-May-4-2025-06_47_05-PM-768x512.png 768w, https:\/\/zaramajoy.com\/wp-content\/uploads\/2025\/05\/ChatGPT-Image-May-4-2025-06_47_05-PM-18x12.png 18w\" sizes=\"(max-width: 1536px) 100vw, 1536px\" \/>\t\t\t\t\t\t\t\t\t\t\t\t\t\t\t<\/div>\n\t\t\t\t<\/div>\n\t\t\t\t<div class=\"elementor-element elementor-element-23177ce elementor-widget elementor-widget-image\" data-id=\"23177ce\" data-element_type=\"widget\" data-e-type=\"widget\" data-widget_type=\"image.default\">\n\t\t\t\t<div class=\"elementor-widget-container\">\n\t\t\t\t\t\t\t\t\t\t\t\t\t\t\t<img decoding=\"async\" src=\"https:\/\/zaramajoy.com\/wp-content\/uploads\/2024\/11\/How-Many-Pallets-Fit-on-a-53-foot-Trailer.jpg.webp\" title=\"\" alt=\"\" loading=\"lazy\" \/>\t\t\t\t\t\t\t\t\t\t\t\t\t\t\t<\/div>\n\t\t\t\t<\/div>\n\t\t<div class=\"elementor-element elementor-element-02be463 e-con-full e-flex e-con e-parent\" data-id=\"02be463\" data-element_type=\"container\" data-e-type=\"container\">\n\t\t\t\t<div class=\"elementor-element elementor-element-fa4e728 elementor-widget__width-initial elementor-widget elementor-widget-text-editor\" data-id=\"fa4e728\" data-element_type=\"widget\" data-e-type=\"widget\" data-widget_type=\"text-editor.default\">\n\t\t\t\t<div class=\"elementor-widget-container\">\n\t\t\t\t\t\t\t\t\t<h3 class=\"\" data-start=\"1625\" data-end=\"1689\">\ud83c\udfd5\ufe0f <strong data-start=\"1633\" data-end=\"1689\">Camps d\u2019\u00e9t\u00e9 et d\u2019hiver \u2013 Des vacances enrichissantes<\/strong><\/h3>\n<p class=\"\" data-start=\"1691\" data-end=\"1840\">Pendant les cong\u00e9s scolaires, <strong data-start=\"1721\" data-end=\"1764\">Zarama Joy propose des camps culinaires<\/strong> pour occuper les enfants de mani\u00e8re <strong data-start=\"1801\" data-end=\"1838\">positive, \u00e9ducative et savoureuse<\/strong> :<\/p>\n<p class=\"\" data-start=\"1842\" data-end=\"1917\">\u2600\ufe0f <strong data-start=\"1845\" data-end=\"1859\">Camp d\u2019\u00e9t\u00e9<\/strong> (Juillet-Ao\u00fbt)<br data-start=\"1874\" data-end=\"1877\" \/>\u2744\ufe0f <strong data-start=\"1880\" data-end=\"1896\">Camp d\u2019hiver<\/strong> (D\u00e9cembre-Janvier)<\/p>\n<p class=\"\" data-start=\"1919\" data-end=\"2137\">\ud83d\udd52 Dur\u00e9e : demi-journ\u00e9e ou journ\u00e9e compl\u00e8te<br data-start=\"1962\" data-end=\"1965\" \/>\ud83c\udfa8 Activit\u00e9s compl\u00e9mentaires : arts plastiques, jeux \u00e9ducatifs, mini-expos culinaires<br data-start=\"2050\" data-end=\"2053\" \/>\ud83c\udf81 Chaque semaine : un th\u00e8me diff\u00e9rent, une culture \u00e0 d\u00e9couvrir, un plat \u00e0 ma\u00eetriser<\/p>\n<p class=\"\" data-start=\"2139\" data-end=\"2176\">Ces camps permettent aux enfants de :<\/p>\n<ul>\n<li>Renforcer leur autonomie<\/li>\n<li>Cr\u00e9er des liens avec d\u2019autres jeunes<\/li>\n<li>D\u00e9velopper leur estime de soi en r\u00e9alisant de vraies recettes<\/li>\n<\/ul>\t\t\t\t\t\t\t\t<\/div>\n\t\t\t\t<\/div>\n\t\t\t\t<\/div>\n\t\t\t\t<div class=\"elementor-element elementor-element-6e4eba45 elementor-widget__width-auto elementor-absolute elementor-widget elementor-widget-image\" data-id=\"6e4eba45\" data-element_type=\"widget\" data-e-type=\"widget\" data-settings=\"{&quot;_position&quot;:&quot;absolute&quot;}\" data-widget_type=\"image.default\">\n\t\t\t\t<div class=\"elementor-widget-container\">\n\t\t\t\t\t\t\t\t\t\t\t\t\t\t\t<img decoding=\"async\" width=\"116\" height=\"116\" src=\"https:\/\/zaramajoy.com\/wp-content\/uploads\/2024\/07\/Group-large.png\" class=\"attachment-large size-large wp-image-31\" alt=\"\" \/>\t\t\t\t\t\t\t\t\t\t\t\t\t\t\t<\/div>\n\t\t\t\t<\/div>\n\t\t\t\t\t<\/div>\n\t\t<\/div>\n\t\t\t\t<div class=\"elementor-column elementor-col-50 elementor-top-column elementor-element elementor-element-3683fc1\" data-id=\"3683fc1\" data-element_type=\"column\" data-e-type=\"column\">\n\t\t\t<div class=\"elementor-widget-wrap elementor-element-populated\">\n\t\t\t\t\t\t<div class=\"elementor-element elementor-element-3f64e9af elementor-widget elementor-widget-heading\" data-id=\"3f64e9af\" data-element_type=\"widget\" data-e-type=\"widget\" data-widget_type=\"heading.default\">\n\t\t\t\t<div class=\"elementor-widget-container\">\n\t\t\t\t\t<h2 class=\"elementor-heading-title elementor-size-default\">APPRENDRE A CUISINER EN S'AMUSANT<\/h2>\t\t\t\t<\/div>\n\t\t\t\t<\/div>\n\t\t\t\t<div class=\"elementor-element elementor-element-39237c47 elementor-widget__width-initial elementor-widget elementor-widget-text-editor\" data-id=\"39237c47\" data-element_type=\"widget\" data-e-type=\"widget\" data-widget_type=\"text-editor.default\">\n\t\t\t\t<div class=\"elementor-widget-container\">\n\t\t\t\t\t\t\t\t\t<h3 class=\"\" data-start=\"201\" data-end=\"254\">\ud83e\uddd1\u200d\ud83c\udf73 <strong data-start=\"211\" data-end=\"252\">Activit\u00e9s culinaires avec les enfants<\/strong><\/h3>\n<div>\u00a0<\/div>\n<div>\u00a0<\/div>\n<h4 class=\"\" data-start=\"255\" data-end=\"294\">Apprendre en s\u2019amusant d\u00e8s 6 ans !<\/h4>\n<p class=\"\" data-start=\"296\" data-end=\"588\">Bienvenue dans l\u2019univers joyeux et savoureux de <strong data-start=\"344\" data-end=\"358\">Zarama Joy<\/strong>\u202f!<br data-start=\"360\" data-end=\"363\" \/>Nos ateliers culinaires sont sp\u00e9cialement con\u00e7us pour les enfants \u00e0 partir de 6 ans, afin de leur faire d\u00e9couvrir le plaisir de cuisiner tout en d\u00e9veloppant leur autonomie, leur cr\u00e9ativit\u00e9 et leur go\u00fbt pour les bonnes choses.<\/p>\n<p class=\"\" data-start=\"296\" data-end=\"588\">\u00a0<\/p>\n<p class=\"\" data-start=\"296\" data-end=\"588\">\u00a0<\/p>\n<h3 class=\"\" data-start=\"595\" data-end=\"628\">\ud83c\udf1f Nos objectifs p\u00e9dagogiques<\/h3>\n<p class=\"\" data-start=\"630\" data-end=\"804\">\ud83c\udf74 <strong data-start=\"633\" data-end=\"657\">Apprendre en faisant<\/strong><br data-start=\"657\" data-end=\"660\" \/>Les enfants manipulent de vrais ustensiles adapt\u00e9s \u00e0 leur \u00e2ge, pr\u00e9parent des plats simples et vari\u00e9s tout en d\u00e9couvrant les bases de la cuisine.<\/p>\n<p class=\"\" data-start=\"806\" data-end=\"841\">\ud83e\udde0 <strong data-start=\"809\" data-end=\"839\">D\u00e9velopper des comp\u00e9tences<\/strong><\/p>\n<ul data-start=\"842\" data-end=\"987\">\n<li class=\"\" data-start=\"842\" data-end=\"890\">\n<p class=\"\" data-start=\"844\" data-end=\"890\">Motricit\u00e9 fine (d\u00e9coupage, dosage, m\u00e9lange\u2026)<\/p>\n<\/li>\n<li class=\"\" data-start=\"891\" data-end=\"931\">\n<p class=\"\" data-start=\"893\" data-end=\"931\">Math\u00e9matiques (mesures, proportions)<\/p>\n<\/li>\n<li class=\"\" data-start=\"932\" data-end=\"987\">\n<p class=\"\" data-start=\"934\" data-end=\"987\">Sens de l\u2019organisation et de la propret\u00e9 en cuisine<\/p>\n<\/li>\n<\/ul>\n<p class=\"\" data-start=\"989\" data-end=\"1185\">\ud83c\udf0d <strong data-start=\"992\" data-end=\"1019\">D\u00e9couverte des cultures<\/strong><br data-start=\"1019\" data-end=\"1022\" \/>Chaque atelier met en lumi\u00e8re une recette du monde : Afrique, Europe, Am\u00e9rique, Asie\u2026<br data-start=\"1107\" data-end=\"1110\" \/>Une fa\u00e7on ludique de s\u2019ouvrir \u00e0 d\u2019autres cultures \u00e0 travers la gastronomie.<\/p>\n<h3 data-start=\"1192\" data-end=\"1211\">\u00a0<\/h3>\n<div>\u00a0<\/div>\n<h3 class=\"\" data-start=\"1192\" data-end=\"1211\">\ud83c\udf70 Nos formules<\/h3>\n<p class=\"\" data-start=\"1213\" data-end=\"1350\">\ud83d\udcc5 <strong data-start=\"1216\" data-end=\"1242\">Ateliers hebdomadaires<\/strong><br data-start=\"1242\" data-end=\"1245\" \/>Des s\u00e9ances r\u00e9guli\u00e8res (1h30) pour progresser pas \u00e0 pas et d\u00e9couvrir une nouvelle recette chaque semaine.<\/p>\n<p class=\"\" data-start=\"1352\" data-end=\"1477\">\ud83e\uddc1 <strong data-start=\"1355\" data-end=\"1378\">Ateliers p\u00e2tisserie<\/strong><br data-start=\"1378\" data-end=\"1381\" \/>Des moments tout doux autour de g\u00e2teaux, biscuits et desserts cr\u00e9atifs pour ravir les gourmands.<\/p>\n<p class=\"\" data-start=\"1479\" data-end=\"1626\">\ud83c\udf89 <strong data-start=\"1482\" data-end=\"1509\">Anniversaires gourmands<\/strong><br data-start=\"1509\" data-end=\"1512\" \/>C\u00e9l\u00e9brez l\u2019anniversaire de votre enfant autour d\u2019un atelier festif, o\u00f9 tous les invit\u00e9s mettent la main \u00e0 la p\u00e2te.<\/p>\n<p class=\"\" data-start=\"1479\" data-end=\"1626\">\u00a0<\/p>\n<p class=\"\" data-start=\"1479\" data-end=\"1626\">\u00a0<\/p>\n<p class=\"\" data-start=\"1479\" data-end=\"1626\">\u00a0<\/p>\n<p class=\"\" data-start=\"1479\" data-end=\"1626\">\u00a0<\/p>\n<p class=\"\" data-start=\"1479\" data-end=\"1626\">\u00a0<\/p>\n<h3 class=\"\" data-start=\"1633\" data-end=\"1656\">\ud83d\udc68\u200d\ud83d\udc69\u200d\ud83d\udc67 Pour qui ?<\/h3>\n<ul data-start=\"1658\" data-end=\"1817\">\n<li class=\"\" data-start=\"1658\" data-end=\"1683\">\n<p class=\"\" data-start=\"1660\" data-end=\"1683\">Enfants de 6 \u00e0 16 ans<\/p>\n<\/li>\n<li class=\"\" data-start=\"1684\" data-end=\"1748\">\n<p class=\"\" data-start=\"1686\" data-end=\"1748\">Groupes scolaires, centres communautaires, \u00e9v\u00e9nements priv\u00e9s<\/p>\n<\/li>\n<li class=\"\" data-start=\"1749\" data-end=\"1817\">\n<p class=\"\" data-start=\"1751\" data-end=\"1817\">Aucun pr\u00e9requis n\u00e9cessaire : bonne humeur et curiosit\u00e9 suffisent !<\/p>\n<\/li>\n<\/ul>\t\t\t\t\t\t\t\t<\/div>\n\t\t\t\t<\/div>\n\t\t\t\t<div class=\"elementor-element elementor-element-9d5bd0b elementor-widget elementor-widget-image\" data-id=\"9d5bd0b\" data-element_type=\"widget\" data-e-type=\"widget\" data-widget_type=\"image.default\">\n\t\t\t\t<div class=\"elementor-widget-container\">\n\t\t\t\t\t\t\t\t\t\t\t\t\t\t\t<img decoding=\"async\" src=\"https:\/\/zaramajoy.com\/wp-content\/uploads\/2024\/11\/depositphotos_279389368-stock-photo-logistic-and-transport-concept-businessman.webp\" title=\"\" alt=\"\" loading=\"lazy\" \/>\t\t\t\t\t\t\t\t\t\t\t\t\t\t\t<\/div>\n\t\t\t\t<\/div>\n\t\t\t\t<div class=\"elementor-element elementor-element-d49e755 elementor-widget elementor-widget-image\" data-id=\"d49e755\" data-element_type=\"widget\" data-e-type=\"widget\" data-widget_type=\"image.default\">\n\t\t\t\t<div class=\"elementor-widget-container\">\n\t\t\t\t\t\t\t\t\t\t\t\t\t\t\t<img decoding=\"async\" src=\"https:\/\/zaramajoy.com\/wp-content\/uploads\/2024\/11\/supply-chain-concept-1024x668-1.jpeg\" title=\"\" alt=\"\" loading=\"lazy\" \/>\t\t\t\t\t\t\t\t\t\t\t\t\t\t\t<\/div>\n\t\t\t\t<\/div>\n\t\t\t\t\t<\/div>\n\t\t<\/div>\n\t\t\t\t\t<\/div>\n\t\t<\/section>\n\t\t<div class=\"elementor-element elementor-element-e442e0a e-flex e-con-boxed e-con e-parent\" data-id=\"e442e0a\" data-element_type=\"container\" data-e-type=\"container\">\n\t\t\t\t\t<div class=\"e-con-inner\">\n\t\t\t\t\t<\/div>\n\t\t\t\t<\/div>\n\t\t\t\t<\/div>","protected":false},"excerpt":{"rendered":"<p>\ud83c\udfd5\ufe0f Camps d\u2019\u00e9t\u00e9 et d\u2019hiver \u2013 Des vacances enrichissantes Pendant les cong\u00e9s scolaires, Zarama Joy propose des camps culinaires pour occuper les enfants de mani\u00e8re positive, \u00e9ducative et savoureuse : \u2600\ufe0f Camp d\u2019\u00e9t\u00e9 (Juillet-Ao\u00fbt)\u2744\ufe0f Camp d\u2019hiver (D\u00e9cembre-Janvier) \ud83d\udd52 Dur\u00e9e : demi-journ\u00e9e ou journ\u00e9e compl\u00e8te\ud83c\udfa8 Activit\u00e9s compl\u00e9mentaires : arts plastiques, jeux \u00e9ducatifs, mini-expos culinaires\ud83c\udf81 Chaque semaine [&hellip;]<\/p>\n","protected":false},"author":1,"featured_media":0,"parent":108,"menu_order":0,"comment_status":"closed","ping_status":"closed","template":"","meta":{"footnotes":""},"class_list":["post-176","page","type-page","status-publish","hentry"],"_links":{"self":[{"href":"https:\/\/zaramajoy.com\/fr\/wp-json\/wp\/v2\/pages\/176","targetHints":{"allow":["GET"]}}],"collection":[{"href":"https:\/\/zaramajoy.com\/fr\/wp-json\/wp\/v2\/pages"}],"about":[{"href":"https:\/\/zaramajoy.com\/fr\/wp-json\/wp\/v2\/types\/page"}],"author":[{"embeddable":true,"href":"https:\/\/zaramajoy.com\/fr\/wp-json\/wp\/v2\/users\/1"}],"replies":[{"embeddable":true,"href":"https:\/\/zaramajoy.com\/fr\/wp-json\/wp\/v2\/comments?post=176"}],"version-history":[{"count":131,"href":"https:\/\/zaramajoy.com\/fr\/wp-json\/wp\/v2\/pages\/176\/revisions"}],"predecessor-version":[{"id":1696,"href":"https:\/\/zaramajoy.com\/fr\/wp-json\/wp\/v2\/pages\/176\/revisions\/1696"}],"up":[{"embeddable":true,"href":"https:\/\/zaramajoy.com\/fr\/wp-json\/wp\/v2\/pages\/108"}],"wp:attachment":[{"href":"https:\/\/zaramajoy.com\/fr\/wp-json\/wp\/v2\/media?parent=176"}],"curies":[{"name":"wp","href":"https:\/\/api.w.org\/{rel}","templated":true}]}}