{"id":158,"date":"2024-07-19T13:57:30","date_gmt":"2024-07-19T13:57:30","guid":{"rendered":"https:\/\/zaramajoy.com\/?page_id=158"},"modified":"2025-05-06T03:48:27","modified_gmt":"2025-05-06T03:48:27","slug":"animation-360","status":"publish","type":"page","link":"https:\/\/zaramajoy.com\/fr\/services\/animation-360\/","title":{"rendered":"Animation 360\u00b0"},"content":{"rendered":"<div data-elementor-type=\"wp-page\" data-elementor-id=\"158\" class=\"elementor elementor-158\" data-elementor-post-type=\"page\">\n\t\t\t\t<div class=\"elementor-element elementor-element-4d26d63 e-con-full e-flex e-con e-parent\" data-id=\"4d26d63\" data-element_type=\"container\" data-e-type=\"container\" data-settings=\"{&quot;background_background&quot;:&quot;classic&quot;}\">\n\t\t\t\t<div class=\"elementor-element elementor-element-2208ea9 elementor--h-position-center elementor--v-position-middle elementor-arrows-position-inside elementor-pagination-position-inside elementor-widget elementor-widget-slides\" data-id=\"2208ea9\" data-element_type=\"widget\" data-e-type=\"widget\" data-settings=\"{&quot;navigation&quot;:&quot;both&quot;,&quot;autoplay&quot;:&quot;yes&quot;,&quot;pause_on_hover&quot;:&quot;yes&quot;,&quot;pause_on_interaction&quot;:&quot;yes&quot;,&quot;autoplay_speed&quot;:5000,&quot;infinite&quot;:&quot;yes&quot;,&quot;transition&quot;:&quot;slide&quot;,&quot;transition_speed&quot;:500}\" data-widget_type=\"slides.default\">\n\t\t\t\t<div class=\"elementor-widget-container\">\n\t\t\t\t\t\t\t\t\t<div class=\"elementor-swiper\">\n\t\t\t\t\t<div class=\"elementor-slides-wrapper elementor-main-swiper swiper\" role=\"region\" aria-roledescription=\"carousel\" aria-label=\"Slides\" dir=\"ltr\" data-animation=\"fadeInUp\">\n\t\t\t\t<div class=\"swiper-wrapper elementor-slides\">\n\t\t\t\t\t\t\t\t\t\t<div class=\"elementor-repeater-item-fb7b511 swiper-slide\" role=\"group\" aria-roledescription=\"slide\"><div class=\"swiper-slide-bg\" role=\"img\"><\/div><div class=\"swiper-slide-inner\" ><div class=\"swiper-slide-contents\"><div class=\"elementor-slide-description\">360\u00b0 Zaramajoy\u202fStudios<\/div><\/div><\/div><\/div><div class=\"elementor-repeater-item-91d058e swiper-slide\" role=\"group\" aria-roledescription=\"slide\"><div class=\"swiper-slide-bg\" role=\"img\"><\/div><div class=\"swiper-slide-inner\" ><div class=\"swiper-slide-contents\"><div class=\"elementor-slide-description\">360\u00b0 Zaramajoy\u202fStudios<\/div><\/div><\/div><\/div><div class=\"elementor-repeater-item-22e2119 swiper-slide\" role=\"group\" aria-roledescription=\"slide\"><div class=\"swiper-slide-bg\" role=\"img\"><\/div><div class=\"swiper-slide-inner\" ><div class=\"swiper-slide-contents\"><div class=\"elementor-slide-description\">360\u00b0 Zaramajoy\u202fStudios<\/div><\/div><\/div><\/div><div class=\"elementor-repeater-item-ff9cd3a swiper-slide\" role=\"group\" aria-roledescription=\"slide\"><div class=\"swiper-slide-bg\" role=\"img\"><\/div><div class=\"swiper-slide-inner\" ><div class=\"swiper-slide-contents\"><div class=\"elementor-slide-description\">360\u00b0 Zaramajoy\u202fStudios<\/div><\/div><\/div><\/div>\t\t\t\t<\/div>\n\t\t\t\t\t\t\t\t\t\t\t\t\t\t\t<div class=\"elementor-swiper-button elementor-swiper-button-prev\" role=\"button\" tabindex=\"0\" aria-label=\"Previous slide\" data-no-translation-aria-label=\"\">\n\t\t\t\t\t\t\t<svg aria-hidden=\"true\" class=\"e-font-icon-svg e-eicon-chevron-left\" viewbox=\"0 0 1000 1000\" xmlns=\"http:\/\/www.w3.org\/2000\/svg\"><path d=\"M646 125C629 125 613 133 604 142L308 442C296 454 292 471 292 487 292 504 296 521 308 533L604 854C617 867 629 875 646 875 663 875 679 871 692 858 704 846 713 829 713 812 713 796 708 779 692 767L438 487 692 225C700 217 708 204 708 187 708 171 704 154 692 142 675 129 663 125 646 125Z\"><\/path><\/svg>\t\t\t\t\t\t<\/div>\n\t\t\t\t\t\t<div class=\"elementor-swiper-button elementor-swiper-button-next\" role=\"button\" tabindex=\"0\" aria-label=\"Next slide\" data-no-translation-aria-label=\"\">\n\t\t\t\t\t\t\t<svg aria-hidden=\"true\" class=\"e-font-icon-svg e-eicon-chevron-right\" viewbox=\"0 0 1000 1000\" xmlns=\"http:\/\/www.w3.org\/2000\/svg\"><path d=\"M696 533C708 521 713 504 713 487 713 471 708 454 696 446L400 146C388 133 375 125 354 125 338 125 325 129 313 142 300 154 292 171 292 187 292 204 296 221 308 233L563 492 304 771C292 783 288 800 288 817 288 833 296 850 308 863 321 871 338 875 354 875 371 875 388 867 400 854L696 533Z\"><\/path><\/svg>\t\t\t\t\t\t<\/div>\n\t\t\t\t\t\t\t\t\t\t\t\t\t\t\t\t<div class=\"swiper-pagination\"><\/div>\n\t\t\t\t\t\t\t\t\t\t\t\t<\/div>\n\t\t\t\t<\/div>\n\t\t\t\t\t\t\t\t<\/div>\n\t\t\t\t<\/div>\n\t\t\t\t<\/div>\n\t\t\t\t<section class=\"elementor-section elementor-top-section elementor-element elementor-element-334453c7 elementor-section-boxed elementor-section-height-default elementor-section-height-default\" data-id=\"334453c7\" data-element_type=\"section\" data-e-type=\"section\">\n\t\t\t\t\t\t<div class=\"elementor-container elementor-column-gap-default\">\n\t\t\t\t\t<div class=\"elementor-column elementor-col-50 elementor-top-column elementor-element elementor-element-554b35d9\" data-id=\"554b35d9\" data-element_type=\"column\" data-e-type=\"column\">\n\t\t\t<div class=\"elementor-widget-wrap elementor-element-populated\">\n\t\t\t\t\t\t<div class=\"elementor-element elementor-element-ee8a43e elementor-widget elementor-widget-image\" data-id=\"ee8a43e\" data-element_type=\"widget\" data-e-type=\"widget\" data-widget_type=\"image.default\">\n\t\t\t\t<div class=\"elementor-widget-container\">\n\t\t\t\t\t\t\t\t\t\t\t\t\t\t\t<img decoding=\"async\" src=\"https:\/\/zaramajoy.com\/wp-content\/uploads\/2024\/10\/istockphoto-1405246054-612x612-1.jpg\" title=\"\" alt=\"\" loading=\"lazy\" \/>\t\t\t\t\t\t\t\t\t\t\t\t\t\t\t<\/div>\n\t\t\t\t<\/div>\n\t\t\t\t<div class=\"elementor-element elementor-element-27713dc4 elementor-widget elementor-widget-image\" data-id=\"27713dc4\" data-element_type=\"widget\" data-e-type=\"widget\" data-widget_type=\"image.default\">\n\t\t\t\t<div class=\"elementor-widget-container\">\n\t\t\t\t\t\t\t\t\t\t\t\t\t\t\t<img decoding=\"async\" src=\"https:\/\/zaramajoy.com\/wp-content\/uploads\/2024\/10\/warehouse-team-meeting-stockcake.jpg\" title=\"\" alt=\"\" loading=\"lazy\" \/>\t\t\t\t\t\t\t\t\t\t\t\t\t\t\t<\/div>\n\t\t\t\t<\/div>\n\t\t\t\t<div class=\"elementor-element elementor-element-6e4eba45 elementor-widget__width-auto elementor-absolute elementor-widget elementor-widget-image\" data-id=\"6e4eba45\" data-element_type=\"widget\" data-e-type=\"widget\" data-settings=\"{&quot;_position&quot;:&quot;absolute&quot;}\" data-widget_type=\"image.default\">\n\t\t\t\t<div class=\"elementor-widget-container\">\n\t\t\t\t\t\t\t\t\t\t\t\t\t\t\t<img decoding=\"async\" width=\"116\" height=\"116\" src=\"https:\/\/zaramajoy.com\/wp-content\/uploads\/2024\/07\/Group-large.png\" class=\"attachment-large size-large wp-image-31\" alt=\"\" \/>\t\t\t\t\t\t\t\t\t\t\t\t\t\t\t<\/div>\n\t\t\t\t<\/div>\n\t\t\t\t<div class=\"elementor-element elementor-element-7a51969 elementor-widget elementor-widget-image\" data-id=\"7a51969\" data-element_type=\"widget\" data-e-type=\"widget\" data-widget_type=\"image.default\">\n\t\t\t\t<div class=\"elementor-widget-container\">\n\t\t\t\t\t\t\t\t\t\t\t\t\t\t\t<img decoding=\"async\" src=\"https:\/\/zaramajoy.com\/wp-content\/uploads\/2024\/11\/83423.jpg\" title=\"\" alt=\"\" loading=\"lazy\" \/>\t\t\t\t\t\t\t\t\t\t\t\t\t\t\t<\/div>\n\t\t\t\t<\/div>\n\t\t\t\t<div class=\"elementor-element elementor-element-f5d9c2f elementor-widget__width-initial elementor-widget elementor-widget-heading\" data-id=\"f5d9c2f\" data-element_type=\"widget\" data-e-type=\"widget\" data-widget_type=\"heading.default\">\n\t\t\t\t<div class=\"elementor-widget-container\">\n\t\t\t\t\t<h1 class=\"elementor-heading-title elementor-size-default\">La 360 a \u00e9t\u00e9 le clou de notre anniversaire! <br>Nos invit\u00e9s se sont \u00e9clat\u00e9s.\u201d <\/h1>\t\t\t\t<\/div>\n\t\t\t\t<\/div>\n\t\t\t\t<div class=\"elementor-element elementor-element-8675381 elementor-widget elementor-widget-image\" data-id=\"8675381\" data-element_type=\"widget\" data-e-type=\"widget\" data-widget_type=\"image.default\">\n\t\t\t\t<div class=\"elementor-widget-container\">\n\t\t\t\t\t\t\t\t\t\t\t\t\t\t\t<img decoding=\"async\" src=\"https:\/\/zaramajoy.com\/wp-content\/uploads\/2024\/11\/shutterstock_1492012511-1280w.webp\" title=\"\" alt=\"\" loading=\"lazy\" \/>\t\t\t\t\t\t\t\t\t\t\t\t\t\t\t<\/div>\n\t\t\t\t<\/div>\n\t\t\t\t<div class=\"elementor-element elementor-element-5b35e01 elementor-widget__width-inherit elementor-widget elementor-widget-image\" data-id=\"5b35e01\" data-element_type=\"widget\" data-e-type=\"widget\" data-widget_type=\"image.default\">\n\t\t\t\t<div class=\"elementor-widget-container\">\n\t\t\t\t\t\t\t\t\t\t\t\t\t\t\t<img fetchpriority=\"high\" decoding=\"async\" width=\"683\" height=\"1024\" src=\"https:\/\/zaramajoy.com\/wp-content\/uploads\/2025\/05\/360Booth-4-683x1024.png\" class=\"attachment-large size-large wp-image-1379\" alt=\"\" srcset=\"https:\/\/zaramajoy.com\/wp-content\/uploads\/2025\/05\/360Booth-4-683x1024.png 683w, https:\/\/zaramajoy.com\/wp-content\/uploads\/2025\/05\/360Booth-4-200x300.png 200w, https:\/\/zaramajoy.com\/wp-content\/uploads\/2025\/05\/360Booth-4-768x1152.png 768w, https:\/\/zaramajoy.com\/wp-content\/uploads\/2025\/05\/360Booth-4-8x12.png 8w, https:\/\/zaramajoy.com\/wp-content\/uploads\/2025\/05\/360Booth-4.png 1024w\" sizes=\"(max-width: 683px) 100vw, 683px\" \/>\t\t\t\t\t\t\t\t\t\t\t\t\t\t\t<\/div>\n\t\t\t\t<\/div>\n\t\t\t\t<div class=\"elementor-element elementor-element-97b50d8 elementor-widget elementor-widget-image\" data-id=\"97b50d8\" data-element_type=\"widget\" data-e-type=\"widget\" data-widget_type=\"image.default\">\n\t\t\t\t<div class=\"elementor-widget-container\">\n\t\t\t\t\t\t\t\t\t\t\t\t\t\t\t<img decoding=\"async\" src=\"https:\/\/zaramajoy.com\/wp-content\/uploads\/2024\/11\/logistics-images.jpg\" title=\"\" alt=\"\" loading=\"lazy\" \/>\t\t\t\t\t\t\t\t\t\t\t\t\t\t\t<\/div>\n\t\t\t\t<\/div>\n\t\t\t\t<div class=\"elementor-element elementor-element-86d5a14 elementor-widget elementor-widget-image\" data-id=\"86d5a14\" data-element_type=\"widget\" data-e-type=\"widget\" data-widget_type=\"image.default\">\n\t\t\t\t<div class=\"elementor-widget-container\">\n\t\t\t\t\t\t\t\t\t\t\t\t\t\t\t<img decoding=\"async\" src=\"https:\/\/zaramajoy.com\/wp-content\/uploads\/2024\/11\/depositphotos_120318296-stock-photo-businesswoman-working-on-computer-with.webp\" title=\"\" alt=\"\" loading=\"lazy\" \/>\t\t\t\t\t\t\t\t\t\t\t\t\t\t\t<\/div>\n\t\t\t\t<\/div>\n\t\t\t\t\t<\/div>\n\t\t<\/div>\n\t\t\t\t<div class=\"elementor-column elementor-col-50 elementor-top-column elementor-element elementor-element-3683fc1\" data-id=\"3683fc1\" data-element_type=\"column\" data-e-type=\"column\">\n\t\t\t<div class=\"elementor-widget-wrap elementor-element-populated\">\n\t\t\t\t\t\t<div class=\"elementor-element elementor-element-3f64e9af elementor-widget elementor-widget-heading\" data-id=\"3f64e9af\" data-element_type=\"widget\" data-e-type=\"widget\" data-widget_type=\"heading.default\">\n\t\t\t\t<div class=\"elementor-widget-container\">\n\t\t\t\t\t<h2 class=\"elementor-heading-title elementor-size-default\">Vivez l\u2019exp\u00e9rience 360\u00b0 ultime<\/h2>\t\t\t\t<\/div>\n\t\t\t\t<\/div>\n\t\t\t\t<div class=\"elementor-element elementor-element-39237c47 elementor-widget__width-initial elementor-widget elementor-widget-text-editor\" data-id=\"39237c47\" data-element_type=\"widget\" data-e-type=\"widget\" data-widget_type=\"text-editor.default\">\n\t\t\t\t<div class=\"elementor-widget-container\">\n\t\t\t\t\t\t\t\t\t<h3 class=\"\" data-start=\"333\" data-end=\"361\">Pr\u00e9sentation rapide<\/h3>\n<p class=\"\" data-start=\"362\" data-end=\"509\"><strong data-start=\"362\" data-end=\"387\">Qu\u2019est-ce que c\u2019est ?<\/strong><br data-start=\"387\" data-end=\"390\" \/>360 Zarama Studios propose une cabine photo mobile qui tourne \u00e0 360\u00b0, capturant vid\u00e9os et GIFs immersifs en un seul clic.<\/p>\n<p>360\u202fZarama\u202fStudios r\u00e9volutionne l\u2019animation \u00e9v\u00e9nementielle \u00e0 Toronto gr\u00e2ce \u00e0 sa cabine photo 360\u00b0. Notre \u00e9quipe apporte un service cl\u00e9 en main \u2014 de l\u2019installation rapide \u00e0 l\u2019assistance sur place \u2014 pour cr\u00e9er des souvenirs inoubliables et viraliser votre \u00e9v\u00e9nement sur les r\u00e9seaux sociaux.<\/p>\n<h3 class=\"\" data-start=\"516\" data-end=\"551\">Points forts<\/h3>\n<ul data-start=\"552\" data-end=\"791\">\n<li class=\"\" data-start=\"552\" data-end=\"585\">\n<p class=\"\" data-start=\"554\" data-end=\"585\">\u23f1\ufe0f <strong data-start=\"557\" data-end=\"583\">Installation en 30 min<\/strong><\/p>\n<\/li>\n<li class=\"\" data-start=\"586\" data-end=\"616\">\n<p class=\"\" data-start=\"588\" data-end=\"616\">\ud83d\udcf8 <strong data-start=\"591\" data-end=\"614\">Capture vid\u00e9o &amp; GIF<\/strong><\/p>\n<\/li>\n<li class=\"\" data-start=\"617\" data-end=\"660\">\n<p class=\"\" data-start=\"619\" data-end=\"660\">\ud83c\udfa8 <strong data-start=\"622\" data-end=\"658\">Habillage graphique personnalis\u00e9<\/strong><\/p>\n<\/li>\n<li class=\"\" data-start=\"661\" data-end=\"721\">\n<p class=\"\" data-start=\"663\" data-end=\"721\">\ud83d\udcf2 <strong data-start=\"666\" data-end=\"719\">Partage instantan\u00e9 (SMS, e-mail, r\u00e9seaux sociaux)<\/strong><\/p>\n<\/li>\n<li class=\"\" data-start=\"722\" data-end=\"751\">\n<p class=\"\" data-start=\"724\" data-end=\"751\">\ud83d\udc69\u200d\ud83d\udcbc <strong data-start=\"730\" data-end=\"749\">Animateur d\u00e9di\u00e9<\/strong><\/p>\n<\/li>\n<li class=\"\" data-start=\"752\" data-end=\"791\">\n<p class=\"\" data-start=\"754\" data-end=\"791\">\ud83d\ude9a <strong data-start=\"757\" data-end=\"789\">Livraison &amp; reprise incluses<\/strong><\/p>\n<\/li>\n<\/ul>\n<h5 data-start=\"798\" data-end=\"828\">\u00a0<\/h5>\n<h3 class=\"\" data-start=\"798\" data-end=\"828\">\u00a0Nos formules &amp; Tarifs<\/h3>\n<div class=\"_tableContainer_16hzy_1\">\n<div class=\"_tableWrapper_16hzy_14 group flex w-fit flex-col-reverse\" tabindex=\"-1\">\n<table class=\"w-fit min-w-(--thread-content-width)\" data-start=\"830\" data-end=\"1642\">\n<thead data-start=\"830\" data-end=\"964\">\n<tr data-start=\"830\" data-end=\"964\">\n<th data-start=\"830\" data-end=\"852\" data-col-size=\"sm\">Forfait<\/th>\n<th data-start=\"852\" data-end=\"862\" data-col-size=\"sm\">Dur\u00e9e<\/th>\n<th data-start=\"862\" data-end=\"953\" data-col-size=\"md\">Inclus<\/th>\n<th data-start=\"953\" data-end=\"964\" data-col-size=\"sm\">Tarif<\/th>\n<\/tr>\n<\/thead>\n<tbody data-start=\"1100\" data-end=\"1642\">\n<tr data-start=\"1100\" data-end=\"1235\">\n<td data-start=\"1100\" data-end=\"1122\" data-col-size=\"sm\"><strong data-start=\"1102\" data-end=\"1116\">Basic Spin<\/strong><\/td>\n<td data-start=\"1122\" data-end=\"1133\" data-col-size=\"sm\">2 heures<\/td>\n<td data-start=\"1133\" data-end=\"1224\" data-col-size=\"md\">1 cam\u00e9ra \u2022 Overlay standard \u2022 T\u00e9l\u00e9chargement digital<\/td>\n<td data-start=\"1224\" data-end=\"1235\" data-col-size=\"sm\">499 $<\/td>\n<\/tr>\n<tr data-start=\"1236\" data-end=\"1371\">\n<td data-start=\"1236\" data-end=\"1258\" data-col-size=\"sm\"><strong data-start=\"1238\" data-end=\"1253\">Deluxe Spin<\/strong><\/td>\n<td data-start=\"1258\" data-end=\"1269\" data-col-size=\"sm\">3 heures<\/td>\n<td data-start=\"1269\" data-end=\"1360\" data-col-size=\"md\">2 cam\u00e9ras \u2022 Overlay personnalis\u00e9 \u2022 Station social \u2022 Animateur sur place<\/td>\n<td data-start=\"1360\" data-end=\"1371\" data-col-size=\"sm\">799 $<\/td>\n<\/tr>\n<tr data-start=\"1372\" data-end=\"1506\">\n<td data-start=\"1372\" data-end=\"1394\" data-col-size=\"sm\"><strong data-start=\"1374\" data-end=\"1394\">Brand Activation<\/strong><\/td>\n<td data-start=\"1394\" data-end=\"1404\" data-col-size=\"sm\">Journ\u00e9e<\/td>\n<td data-start=\"1404\" data-end=\"1495\" data-col-size=\"md\">Multi-booth \u2022 Habillage complet aux couleurs de votre marque \u2022 Rapport analytics<\/td>\n<td data-start=\"1495\" data-end=\"1506\" data-col-size=\"sm\">1 499 $<\/td>\n<\/tr>\n<tr data-start=\"1507\" data-end=\"1642\">\n<td data-start=\"1507\" data-end=\"1529\" data-col-size=\"sm\"><strong data-start=\"1509\" data-end=\"1520\">Options<\/strong><\/td>\n<td data-start=\"1529\" data-end=\"1539\" data-col-size=\"sm\">\u2013<\/td>\n<td data-start=\"1539\" data-end=\"1631\" data-col-size=\"md\">Impression instantan\u00e9e \u2022 Fond vert \u2022 Gif booth \u2022 Animateur suppl\u00e9mentaire (100\u2013300 $)<\/td>\n<td data-start=\"1631\" data-end=\"1642\" data-col-size=\"sm\">\u00a0<\/td>\n<\/tr>\n<\/tbody>\n<\/table>\n<p><strong>FAQ<\/strong><\/p>\n<p><strong>\u00a0Q : Quelle place faut-il pr\u00e9voir ?<\/strong><br \/>\u00a0R : Un espace d\u00e9gag\u00e9 de 3\u00d73 m, sol plat et stable.<br \/><strong>\u00a0Q : Peut-on personnaliser l\u2019habillage graphique ?<\/strong><br \/>\u00a0R : Oui ! Logo, couleurs, filtres et fonds verts sur demande.<br \/><strong>\u00a0Q : Quels sont les d\u00e9lais d\u2019annulation ?<\/strong><br \/>\u00a0R : Gratuit jusqu\u2019\u00e0 7 jours avant l\u2019\u00e9v\u00e9nement.<\/p>\n<\/div>\n<\/div>\t\t\t\t\t\t\t\t<\/div>\n\t\t\t\t<\/div>\n\t\t\t\t\t<\/div>\n\t\t<\/div>\n\t\t\t\t\t<\/div>\n\t\t<\/section>\n\t\t\t\t<\/div>","protected":false},"excerpt":{"rendered":"<p>360\u00b0 Zaramajoy\u202fStudios360\u00b0 Zaramajoy\u202fStudios360\u00b0 Zaramajoy\u202fStudios360\u00b0 Zaramajoy\u202fStudios La 360 a \u00e9t\u00e9 le clou de notre anniversaire! Nos invit\u00e9s se sont \u00e9clat\u00e9s.\u201d Vivez l\u2019exp\u00e9rience 360\u00b0 ultime Pr\u00e9sentation rapide Qu\u2019est-ce que c\u2019est ?360 Zarama Studios propose une cabine photo mobile qui tourne \u00e0 360\u00b0, capturant vid\u00e9os et GIFs immersifs en un seul clic. 360\u202fZarama\u202fStudios r\u00e9volutionne l\u2019animation \u00e9v\u00e9nementielle \u00e0 Toronto [&hellip;]<\/p>\n","protected":false},"author":1,"featured_media":0,"parent":108,"menu_order":0,"comment_status":"closed","ping_status":"closed","template":"","meta":{"footnotes":""},"class_list":["post-158","page","type-page","status-publish","hentry"],"_links":{"self":[{"href":"https:\/\/zaramajoy.com\/fr\/wp-json\/wp\/v2\/pages\/158","targetHints":{"allow":["GET"]}}],"collection":[{"href":"https:\/\/zaramajoy.com\/fr\/wp-json\/wp\/v2\/pages"}],"about":[{"href":"https:\/\/zaramajoy.com\/fr\/wp-json\/wp\/v2\/types\/page"}],"author":[{"embeddable":true,"href":"https:\/\/zaramajoy.com\/fr\/wp-json\/wp\/v2\/users\/1"}],"replies":[{"embeddable":true,"href":"https:\/\/zaramajoy.com\/fr\/wp-json\/wp\/v2\/comments?post=158"}],"version-history":[{"count":164,"href":"https:\/\/zaramajoy.com\/fr\/wp-json\/wp\/v2\/pages\/158\/revisions"}],"predecessor-version":[{"id":1678,"href":"https:\/\/zaramajoy.com\/fr\/wp-json\/wp\/v2\/pages\/158\/revisions\/1678"}],"up":[{"embeddable":true,"href":"https:\/\/zaramajoy.com\/fr\/wp-json\/wp\/v2\/pages\/108"}],"wp:attachment":[{"href":"https:\/\/zaramajoy.com\/fr\/wp-json\/wp\/v2\/media?parent=158"}],"curies":[{"name":"wp","href":"https:\/\/api.w.org\/{rel}","templated":true}]}}